{"id":288,"date":"2025-12-15T16:31:57","date_gmt":"2025-12-15T15:31:57","guid":{"rendered":"https:\/\/neva-restaurant.com\/?page_id=288"},"modified":"2025-12-15T16:33:17","modified_gmt":"2025-12-15T15:33:17","slug":"home-2","status":"publish","type":"page","link":"https:\/\/neva-restaurant.com\/?page_id=288&lang=en","title":{"rendered":"HOME"},"content":{"rendered":"","protected":false},"excerpt":{"rendered":"","protected":false},"author":1,"featured_media":0,"parent":0,"menu_order":0,"comment_status":"closed","ping_status":"closed","template":"","meta":{"footnotes":""},"class_list":["post-288","page","type-page","status-publish","hentry"],"yoast_head":"<!-- This site is optimized with the Yoast SEO plugin v27.3 - https:\/\/yoast.com\/product\/yoast-seo-wordpress\/ -->\n<title>Le Neva - Restaurant Val Thorens<\/title>\n<meta name=\"description\" content=\"HOME\" \/>\n<meta name=\"robots\" content=\"index, follow, max-snippet:-1, max-image-preview:large, max-video-preview:-1\" \/>\n<link rel=\"canonical\" href=\"https:\/\/neva-restaurant.com\/?page_id=288&lang=en\" \/>\n<meta property=\"og:locale\" content=\"fr_FR\" \/>\n<meta property=\"og:type\" content=\"article\" \/>\n<meta property=\"og:title\" content=\"Le Neva - Restaurant Val Thorens\" \/>\n<meta property=\"og:description\" content=\"HOME\" \/>\n<meta property=\"og:url\" content=\"https:\/\/neva-restaurant.com\/?page_id=288&amp;lang=en\" \/>\n<meta property=\"og:site_name\" content=\"Le Neva - Restaurant Val Thorens\" \/>\n<meta property=\"article:modified_time\" content=\"2025-12-15T15:33:17+00:00\" \/>\n<meta name=\"twitter:card\" content=\"summary_large_image\" \/>\n<script type=\"application\/ld+json\" class=\"yoast-schema-graph\">{\"@context\":\"https:\\\/\\\/schema.org\",\"@graph\":[{\"@type\":\"WebPage\",\"@id\":\"https:\\\/\\\/neva-restaurant.com\\\/?page_id=288&lang=en\",\"url\":\"https:\\\/\\\/neva-restaurant.com\\\/?page_id=288&lang=en\",\"name\":\"Le Neva - Restaurant Val Thorens\",\"isPartOf\":{\"@id\":\"https:\\\/\\\/neva-restaurant.com\\\/#website\"},\"datePublished\":\"2025-12-15T15:31:57+00:00\",\"dateModified\":\"2025-12-15T15:33:17+00:00\",\"description\":\"HOME\",\"breadcrumb\":{\"@id\":\"https:\\\/\\\/neva-restaurant.com\\\/?page_id=288&lang=en#breadcrumb\"},\"inLanguage\":\"fr-FR\",\"potentialAction\":[{\"@type\":\"ReadAction\",\"target\":[\"https:\\\/\\\/neva-restaurant.com\\\/?page_id=288&lang=en\"]}]},{\"@type\":\"BreadcrumbList\",\"@id\":\"https:\\\/\\\/neva-restaurant.com\\\/?page_id=288&lang=en#breadcrumb\",\"itemListElement\":[{\"@type\":\"ListItem\",\"position\":1,\"name\":\"Accueil\",\"item\":\"https:\\\/\\\/neva-restaurant.com\\\/\"},{\"@type\":\"ListItem\",\"position\":2,\"name\":\"HOME\"}]},{\"@type\":\"WebSite\",\"@id\":\"https:\\\/\\\/neva-restaurant.com\\\/#website\",\"url\":\"https:\\\/\\\/neva-restaurant.com\\\/\",\"name\":\"Le Neva - Restaurant Val Thorens\",\"description\":\"Restaurant \u00e0 Val Thorens sp\u00e9cialis\u00e9 en cuisine savoyarde et recettes traditionnelles fran\u00e7aises. Produits locaux, plats faits maison et ambiance chaleureuse au c\u0153ur de la station.\",\"publisher\":{\"@id\":\"https:\\\/\\\/neva-restaurant.com\\\/#organization\"},\"potentialAction\":[{\"@type\":\"SearchAction\",\"target\":{\"@type\":\"EntryPoint\",\"urlTemplate\":\"https:\\\/\\\/neva-restaurant.com\\\/?s={search_term_string}\"},\"query-input\":{\"@type\":\"PropertyValueSpecification\",\"valueRequired\":true,\"valueName\":\"search_term_string\"}}],\"inLanguage\":\"fr-FR\"},{\"@type\":\"Organization\",\"@id\":\"https:\\\/\\\/neva-restaurant.com\\\/#organization\",\"name\":\"Le Neva - Restaurant Val Thorens\",\"alternateName\":\"Neva Restaurant\",\"url\":\"https:\\\/\\\/neva-restaurant.com\\\/\",\"logo\":{\"@type\":\"ImageObject\",\"inLanguage\":\"fr-FR\",\"@id\":\"https:\\\/\\\/neva-restaurant.com\\\/#\\\/schema\\\/logo\\\/image\\\/\",\"url\":\"https:\\\/\\\/neva-restaurant.com\\\/wp-content\\\/uploads\\\/2025\\\/12\\\/NEVA.png\",\"contentUrl\":\"https:\\\/\\\/neva-restaurant.com\\\/wp-content\\\/uploads\\\/2025\\\/12\\\/NEVA.png\",\"width\":750,\"height\":422,\"caption\":\"Le Neva - Restaurant Val Thorens\"},\"image\":{\"@id\":\"https:\\\/\\\/neva-restaurant.com\\\/#\\\/schema\\\/logo\\\/image\\\/\"},\"sameAs\":[\"https:\\\/\\\/www.instagram.com\\\/neva_restaurant_valthorens?igsh=NTRxa3J6enpqZGFl\"]}]}<\/script>\n<!-- \/ Yoast SEO plugin. -->","yoast_head_json":{"title":"Le Neva - Restaurant Val Thorens","description":"HOME","robots":{"index":"index","follow":"follow","max-snippet":"max-snippet:-1","max-image-preview":"max-image-preview:large","max-video-preview":"max-video-preview:-1"},"canonical":"https:\/\/neva-restaurant.com\/?page_id=288&lang=en","og_locale":"fr_FR","og_type":"article","og_title":"Le Neva - Restaurant Val Thorens","og_description":"HOME","og_url":"https:\/\/neva-restaurant.com\/?page_id=288&lang=en","og_site_name":"Le Neva - Restaurant Val Thorens","article_modified_time":"2025-12-15T15:33:17+00:00","twitter_card":"summary_large_image","schema":{"@context":"https:\/\/schema.org","@graph":[{"@type":"WebPage","@id":"https:\/\/neva-restaurant.com\/?page_id=288&lang=en","url":"https:\/\/neva-restaurant.com\/?page_id=288&lang=en","name":"Le Neva - Restaurant Val Thorens","isPartOf":{"@id":"https:\/\/neva-restaurant.com\/#website"},"datePublished":"2025-12-15T15:31:57+00:00","dateModified":"2025-12-15T15:33:17+00:00","description":"HOME","breadcrumb":{"@id":"https:\/\/neva-restaurant.com\/?page_id=288&lang=en#breadcrumb"},"inLanguage":"fr-FR","potentialAction":[{"@type":"ReadAction","target":["https:\/\/neva-restaurant.com\/?page_id=288&lang=en"]}]},{"@type":"BreadcrumbList","@id":"https:\/\/neva-restaurant.com\/?page_id=288&lang=en#breadcrumb","itemListElement":[{"@type":"ListItem","position":1,"name":"Accueil","item":"https:\/\/neva-restaurant.com\/"},{"@type":"ListItem","position":2,"name":"HOME"}]},{"@type":"WebSite","@id":"https:\/\/neva-restaurant.com\/#website","url":"https:\/\/neva-restaurant.com\/","name":"Le Neva - Restaurant Val Thorens","description":"Restaurant \u00e0 Val Thorens sp\u00e9cialis\u00e9 en cuisine savoyarde et recettes traditionnelles fran\u00e7aises. Produits locaux, plats faits maison et ambiance chaleureuse au c\u0153ur de la station.","publisher":{"@id":"https:\/\/neva-restaurant.com\/#organization"},"potentialAction":[{"@type":"SearchAction","target":{"@type":"EntryPoint","urlTemplate":"https:\/\/neva-restaurant.com\/?s={search_term_string}"},"query-input":{"@type":"PropertyValueSpecification","valueRequired":true,"valueName":"search_term_string"}}],"inLanguage":"fr-FR"},{"@type":"Organization","@id":"https:\/\/neva-restaurant.com\/#organization","name":"Le Neva - Restaurant Val Thorens","alternateName":"Neva Restaurant","url":"https:\/\/neva-restaurant.com\/","logo":{"@type":"ImageObject","inLanguage":"fr-FR","@id":"https:\/\/neva-restaurant.com\/#\/schema\/logo\/image\/","url":"https:\/\/neva-restaurant.com\/wp-content\/uploads\/2025\/12\/NEVA.png","contentUrl":"https:\/\/neva-restaurant.com\/wp-content\/uploads\/2025\/12\/NEVA.png","width":750,"height":422,"caption":"Le Neva - Restaurant Val Thorens"},"image":{"@id":"https:\/\/neva-restaurant.com\/#\/schema\/logo\/image\/"},"sameAs":["https:\/\/www.instagram.com\/neva_restaurant_valthorens?igsh=NTRxa3J6enpqZGFl"]}]}},"_links":{"self":[{"href":"https:\/\/neva-restaurant.com\/index.php?rest_route=\/wp\/v2\/pages\/288","targetHints":{"allow":["GET"]}}],"collection":[{"href":"https:\/\/neva-restaurant.com\/index.php?rest_route=\/wp\/v2\/pages"}],"about":[{"href":"https:\/\/neva-restaurant.com\/index.php?rest_route=\/wp\/v2\/types\/page"}],"author":[{"embeddable":true,"href":"https:\/\/neva-restaurant.com\/index.php?rest_route=\/wp\/v2\/users\/1"}],"replies":[{"embeddable":true,"href":"https:\/\/neva-restaurant.com\/index.php?rest_route=%2Fwp%2Fv2%2Fcomments&post=288"}],"version-history":[{"count":0,"href":"https:\/\/neva-restaurant.com\/index.php?rest_route=\/wp\/v2\/pages\/288\/revisions"}],"wp:attachment":[{"href":"https:\/\/neva-restaurant.com\/index.php?rest_route=%2Fwp%2Fv2%2Fmedia&parent=288"}],"curies":[{"name":"wp","href":"https:\/\/api.w.org\/{rel}","templated":true}]}}